{"id":235,"date":"2023-12-01T22:15:35","date_gmt":"2023-12-01T14:15:35","guid":{"rendered":"https:\/\/www.ailupack.com\/?page_id=235"},"modified":"2024-03-30T14:41:11","modified_gmt":"2024-03-30T06:41:11","slug":"value_added_services","status":"publish","type":"page","link":"https:\/\/www.ailupack.com\/tr\/value_added_services\/","title":{"rendered":"Katma De\u011ferli Hizmetler"},"content":{"rendered":"<p><div class=\"fusion-fullwidth fullwidth-box fusion-builder-row-1 fusion-flex-container has-pattern-background has-mask-background fusion-parallax-none nonhundred-percent-fullwidth non-hundred-percent-height-scrolling\" style=\"--awb-border-radius-top-left:0px;--awb-border-radius-top-right:0px;--awb-border-radius-bottom-right:0px;--awb-border-radius-bottom-left:0px;--awb-padding-top:120px;--awb-padding-bottom:120px;--awb-background-color:var(--awb-color6);--awb-background-image:url(&quot;https:\/\/www.ailupack.com\/wp-content\/uploads\/2024\/03\/vasbg01.jpg&quot;);--awb-background-size:cover;--awb-flex-wrap:wrap;\" ><div class=\"fusion-builder-row fusion-row fusion-flex-align-items-flex-start fusion-flex-content-wrap\" style=\"max-width:1248px;margin-left: calc(-4% \/ 2 );margin-right: calc(-4% \/ 2 );\"><div class=\"fusion-layout-column fusion_builder_column fusion-builder-column-0 fusion_builder_column_1_1 1_1 fusion-flex-column\" style=\"--awb-bg-size:cover;--awb-width-large:100%;--awb-margin-top-large:0px;--awb-spacing-right-large:1.92%;--awb-margin-bottom-large:20px;--awb-spacing-left-large:1.92%;--awb-width-medium:100%;--awb-order-medium:0;--awb-spacing-right-medium:1.92%;--awb-spacing-left-medium:1.92%;--awb-width-small:100%;--awb-order-small:0;--awb-spacing-right-small:1.92%;--awb-spacing-left-small:1.92%;\"><div class=\"fusion-column-wrapper fusion-column-has-shadow fusion-flex-justify-content-flex-start fusion-content-layout-column\"><div class=\"fusion-title title fusion-title-1 fusion-sep-none fusion-title-text fusion-title-size-one\" style=\"--awb-text-color:var(--awb-color1);\"><h1 class=\"fusion-title-heading title-heading-left\" style=\"margin:0;\">Katma De\u011ferli Hizmetler<\/h1><\/div><div class=\"fusion-text fusion-text-1\" style=\"--awb-text-color:var(--awb-color1);\"><p>\u0130\u015fbirli\u011fine dayal\u0131 inovasyona \u00f6nc\u00fcl\u00fck etmek, katma de\u011ferli hizmetleri geli\u015ftirmek ve kurumsal geli\u015fime yard\u0131mc\u0131 olmak<\/p>\n<p>&nbsp;<\/p>\n<\/div><\/div><\/div><\/div><\/div><div class=\"fusion-fullwidth fullwidth-box fusion-builder-row-2 fusion-flex-container has-pattern-background has-mask-background nonhundred-percent-fullwidth non-hundred-percent-height-scrolling\" style=\"--awb-border-radius-top-left:0px;--awb-border-radius-top-right:0px;--awb-border-radius-bottom-right:0px;--awb-border-radius-bottom-left:0px;--awb-padding-top:60px;--awb-padding-bottom:60px;--awb-flex-wrap:wrap;\" ><div class=\"fusion-builder-row fusion-row fusion-flex-align-items-flex-start fusion-flex-content-wrap\" style=\"max-width:1248px;margin-left: calc(-4% \/ 2 );margin-right: calc(-4% \/ 2 );\"><div class=\"fusion-layout-column fusion_builder_column fusion-builder-column-1 fusion_builder_column_1_2 1_2 fusion-flex-column\" style=\"--awb-bg-size:cover;--awb-width-large:50%;--awb-margin-top-large:0px;--awb-spacing-right-large:3.84%;--awb-margin-bottom-large:20px;--awb-spacing-left-large:3.84%;--awb-width-medium:50%;--awb-order-medium:0;--awb-spacing-right-medium:3.84%;--awb-spacing-left-medium:3.84%;--awb-width-small:100%;--awb-order-small:1;--awb-spacing-right-small:1.92%;--awb-spacing-left-small:1.92%;\"><div class=\"fusion-column-wrapper fusion-column-has-shadow fusion-flex-justify-content-flex-start fusion-content-layout-column\"><div class=\"fusion-image-element\" style=\"--awb-margin-top:20px;--awb-caption-title-font-family:var(--h2_typography-font-family);--awb-caption-title-font-weight:var(--h2_typography-font-weight);--awb-caption-title-font-style:var(--h2_typography-font-style);--awb-caption-title-size:var(--h2_typography-font-size);--awb-caption-title-transform:var(--h2_typography-text-transform);--awb-caption-title-line-height:var(--h2_typography-line-height);--awb-caption-title-letter-spacing:var(--h2_typography-letter-spacing);\"><span class=\"fusion-imageframe imageframe-none imageframe-1 hover-type-none\"><img decoding=\"async\" width=\"800\" height=\"560\" title=\"vmi01\" src=\"https:\/\/www.ailupack.com\/wp-content\/uploads\/2024\/03\/vmi01.jpg\" alt class=\"img-responsive wp-image-5447\" srcset=\"https:\/\/www.ailupack.com\/wp-content\/uploads\/2024\/03\/vmi01-200x140.jpg 200w, https:\/\/www.ailupack.com\/wp-content\/uploads\/2024\/03\/vmi01-400x280.jpg 400w, https:\/\/www.ailupack.com\/wp-content\/uploads\/2024\/03\/vmi01-600x420.jpg 600w, https:\/\/www.ailupack.com\/wp-content\/uploads\/2024\/03\/vmi01.jpg 800w\" sizes=\"(max-width: 640px) 100vw, 600px\" \/><\/span><\/div><\/div><\/div><div class=\"fusion-layout-column fusion_builder_column fusion-builder-column-2 fusion_builder_column_1_2 1_2 fusion-flex-column\" style=\"--awb-bg-size:cover;--awb-width-large:50%;--awb-margin-top-large:0px;--awb-spacing-right-large:3.84%;--awb-margin-bottom-large:20px;--awb-spacing-left-large:3.84%;--awb-width-medium:50%;--awb-order-medium:0;--awb-spacing-right-medium:3.84%;--awb-spacing-left-medium:3.84%;--awb-width-small:100%;--awb-order-small:0;--awb-spacing-right-small:1.92%;--awb-spacing-left-small:1.92%;\"><div class=\"fusion-column-wrapper fusion-column-has-shadow fusion-flex-justify-content-flex-start fusion-content-layout-column\"><div class=\"fusion-title title fusion-title-2 fusion-sep-none fusion-title-text fusion-title-size-two\" style=\"--awb-font-size:40px;\"><h2 class=\"fusion-title-heading title-heading-left\" style=\"margin:0;font-size:1em;\">Sat\u0131c\u0131 Taraf\u0131ndan Y\u00f6netilen Envanter<\/h2><\/div><div class=\"fusion-menu-anchor\" id=\"vmi\"><\/div><div class=\"fusion-text fusion-text-2\"><p>VMI (Sat\u0131c\u0131 Taraf\u0131ndan Y\u00f6netilen Envanter) pazar taleplerine daha h\u0131zl\u0131 yan\u0131t verilmesini sa\u011flar, envanter risklerini azalt\u0131r ve bilgi payla\u015f\u0131m\u0131 yoluyla tedarik zinciri i\u015fbirli\u011fini geli\u015ftirir. Bu strateji envanter maliyetlerini d\u00fc\u015f\u00fcr\u00fcr, envanter devir h\u0131z\u0131n\u0131 art\u0131r\u0131r ve genel tedarik zinciri verimlili\u011fini g\u00fc\u00e7lendirir.<\/p>\n<p><strong>Yerel Depo<br \/><\/strong>AILU, yerel depolama hizmetleri sa\u011flamak i\u00e7in a\u00e7\u0131k \u00fclke fabrika konumlar\u0131na g\u00fcvenmektedir. \u00dcr\u00fcnler, m\u00fc\u015fterinin \u00fclkesindeki transit depoya teslim edilmek \u00fczere \u00f6nceliklendirilir.<\/p>\n<p><strong>Envanter Bilgilerinin Payla\u015f\u0131lmas\u0131<br \/><\/strong>Yerel depolardaki envanter, deniz sevkiyat\u0131ndaki miktarlar ve AILU'daki stok seviyeleri hakk\u0131nda a\u00e7\u0131k \u00fclkeye hem bilgisayar hem de mobil cihazlar arac\u0131l\u0131\u011f\u0131yla ger\u00e7ek zamanl\u0131 eri\u015fim sa\u011flayabiliyoruz. Bu, a\u00e7\u0131k \u00fclkenin g\u00fcncel envanter bilgilerine sahip olmas\u0131n\u0131 sa\u011flayarak daha iyi malzeme ve \u00fcretim planlama ayarlamalar\u0131na olanak tan\u0131r.<\/p>\n<p><strong>Talep \u00dczerine Sipari\u015f<br \/><\/strong>Bitmi\u015f \u00fcr\u00fcnlerimiz, h\u0131zl\u0131 ve g\u00fcvenli tedarik hizmeti sa\u011flamak i\u00e7in her tesis i\u00e7in tahminlere dayal\u0131 olarak do\u011frudan yerel depolara g\u00f6nderilecektir.<\/p>\n<p><strong>Envanter Uyar\u0131s\u0131<br \/><\/strong>Yap\u0131land\u0131r\u0131labilir \u00e7ok ko\u015fullu envanter uyar\u0131lar\u0131, uyar\u0131 e\u015fi\u011fi tetiklenir tetiklenmez kullan\u0131c\u0131lar\u0131 e-posta yoluyla bilgilendirecektir.<\/p>\n<\/div><\/div><\/div><\/div><\/div><div class=\"fusion-fullwidth fullwidth-box fusion-builder-row-3 fusion-flex-container has-pattern-background has-mask-background nonhundred-percent-fullwidth non-hundred-percent-height-scrolling\" style=\"--awb-border-radius-top-left:0px;--awb-border-radius-top-right:0px;--awb-border-radius-bottom-right:0px;--awb-border-radius-bottom-left:0px;--awb-padding-top:60px;--awb-padding-bottom:60px;--awb-background-color:var(--awb-custom_color_3);--awb-flex-wrap:wrap;\" ><div class=\"fusion-builder-row fusion-row fusion-flex-align-items-flex-start fusion-flex-content-wrap\" style=\"max-width:1248px;margin-left: calc(-4% \/ 2 );margin-right: calc(-4% \/ 2 );\"><div class=\"fusion-layout-column fusion_builder_column fusion-builder-column-3 fusion_builder_column_1_2 1_2 fusion-flex-column\" style=\"--awb-bg-size:cover;--awb-width-large:50%;--awb-margin-top-large:0px;--awb-spacing-right-large:3.84%;--awb-margin-bottom-large:20px;--awb-spacing-left-large:3.84%;--awb-width-medium:50%;--awb-order-medium:0;--awb-spacing-right-medium:3.84%;--awb-spacing-left-medium:3.84%;--awb-width-small:100%;--awb-order-small:0;--awb-spacing-right-small:1.92%;--awb-spacing-left-small:1.92%;\"><div class=\"fusion-column-wrapper fusion-column-has-shadow fusion-flex-justify-content-flex-start fusion-content-layout-column\"><div class=\"fusion-title title fusion-title-3 fusion-sep-none fusion-title-text fusion-title-size-two\" style=\"--awb-font-size:40px;\"><h2 class=\"fusion-title-heading title-heading-left\" style=\"margin:0;font-size:1em;\">QR kodlar\u0131 Uygulama<\/h2><\/div><div class=\"fusion-menu-anchor\" id=\"qrcode\"><\/div><div class=\"fusion-text fusion-text-3\"><p>Ailu Group, verimli \u00fcr\u00fcn bilgisi sorgulama, izlenebilirlik, interaktif pazarlama ve di\u011fer y\u00f6nlerden m\u00fc\u015fteri ihtiya\u00e7lar\u0131n\u0131 kar\u015f\u0131lamak i\u00e7in ambalaj po\u015fetlerine barkod basarak barkod katma de\u011ferli hizmetler sunmaktad\u0131r.<\/p>\n<p><strong>\u00dcr\u00fcn Bilgisi Sorgulama<br \/><\/strong>Kullan\u0131c\u0131lar barkodu okutarak \u00fcretim tarihi, raf \u00f6mr\u00fc, hammadde ve besin bilgileri gibi \u00fcr\u00fcn detaylar\u0131n\u0131 sorgulayabilir.<\/p>\n<p><strong>\u0130zlenebilirlik Hizmeti<\/strong><br \/>Bir \u00fcr\u00fcnde sorun olmas\u0131 halinde kullan\u0131c\u0131lar barkodu okutarak \u00fcr\u00fcn\u00fcn \u00fcretim s\u00fcreci ve tedarik zinciri bilgilerini g\u00f6r\u00fcnt\u00fcleyebilir, b\u00f6ylece i\u015fletmelerin ve t\u00fcketicilerin sorunun kayna\u011f\u0131n\u0131 bulmas\u0131na yard\u0131mc\u0131 olabilir.<\/p>\n<p><strong>\u0130nteraktif Pazarlama<\/strong><br \/>\u0130\u015fletmeler barkodlar\u0131, kullan\u0131c\u0131lara puan, kupon gibi \u00f6d\u00fcller sunmak veya barkodu okutarak \u00e7ekili\u015flere ve indirim programlar\u0131na kat\u0131lmak gibi interaktif pazarlama i\u00e7in kullanabilir.<\/p>\n<\/div><\/div><\/div><div class=\"fusion-layout-column fusion_builder_column fusion-builder-column-4 fusion_builder_column_1_2 1_2 fusion-flex-column\" style=\"--awb-bg-size:cover;--awb-width-large:50%;--awb-margin-top-large:0px;--awb-spacing-right-large:3.84%;--awb-margin-bottom-large:20px;--awb-spacing-left-large:3.84%;--awb-width-medium:50%;--awb-order-medium:0;--awb-spacing-right-medium:3.84%;--awb-spacing-left-medium:3.84%;--awb-width-small:100%;--awb-order-small:0;--awb-spacing-right-small:1.92%;--awb-spacing-left-small:1.92%;\"><div class=\"fusion-column-wrapper fusion-column-has-shadow fusion-flex-justify-content-flex-start fusion-content-layout-column\"><div class=\"fusion-image-element\" style=\"--awb-margin-top:20px;--awb-caption-title-font-family:var(--h2_typography-font-family);--awb-caption-title-font-weight:var(--h2_typography-font-weight);--awb-caption-title-font-style:var(--h2_typography-font-style);--awb-caption-title-size:var(--h2_typography-font-size);--awb-caption-title-transform:var(--h2_typography-text-transform);--awb-caption-title-line-height:var(--h2_typography-line-height);--awb-caption-title-letter-spacing:var(--h2_typography-letter-spacing);\"><span class=\"fusion-imageframe imageframe-none imageframe-2 hover-type-none\"><img decoding=\"async\" width=\"800\" height=\"600\" title=\"qrcode\" src=\"https:\/\/www.ailupack.com\/wp-content\/uploads\/2024\/03\/qrcode.png\" alt class=\"img-responsive wp-image-5452\" srcset=\"https:\/\/www.ailupack.com\/wp-content\/uploads\/2024\/03\/qrcode-200x150.png 200w, https:\/\/www.ailupack.com\/wp-content\/uploads\/2024\/03\/qrcode-400x300.png 400w, https:\/\/www.ailupack.com\/wp-content\/uploads\/2024\/03\/qrcode-600x450.png 600w, https:\/\/www.ailupack.com\/wp-content\/uploads\/2024\/03\/qrcode.png 800w\" sizes=\"(max-width: 640px) 100vw, 600px\" \/><\/span><\/div><\/div><\/div><\/div><\/div><\/p>","protected":false},"excerpt":{"rendered":"","protected":false},"author":1,"featured_media":0,"parent":0,"menu_order":0,"comment_status":"closed","ping_status":"closed","template":"100-width.php","meta":{"footnotes":""},"class_list":["post-235","page","type-page","status-publish","hentry"],"yoast_head":"<!-- This site is optimized with the Yoast SEO plugin v25.5 - https:\/\/yoast.com\/wordpress\/plugins\/seo\/ -->\n<title>Value-Added Services - Ailu Group<\/title>\n<meta name=\"robots\" content=\"index, follow, max-snippet:-1, max-image-preview:large, max-video-preview:-1\" \/>\n<link rel=\"canonical\" href=\"https:\/\/www.ailupack.com\/tr\/value_added_services\/\" \/>\n<meta property=\"og:locale\" content=\"tr_TR\" \/>\n<meta property=\"og:type\" content=\"article\" \/>\n<meta property=\"og:title\" content=\"Value-Added Services - Ailu Group\" \/>\n<meta property=\"og:url\" content=\"https:\/\/www.ailupack.com\/tr\/value_added_services\/\" \/>\n<meta property=\"og:site_name\" content=\"Ailu Group\" \/>\n<meta property=\"article:modified_time\" content=\"2024-03-30T06:41:11+00:00\" \/>\n<meta name=\"twitter:card\" content=\"summary_large_image\" \/>\n<script type=\"application\/ld+json\" class=\"yoast-schema-graph\">{\"@context\":\"https:\/\/schema.org\",\"@graph\":[{\"@type\":\"WebPage\",\"@id\":\"https:\/\/www.ailupack.com\/value_added_services\/\",\"url\":\"https:\/\/www.ailupack.com\/value_added_services\/\",\"name\":\"Value-Added Services - Ailu Group\",\"isPartOf\":{\"@id\":\"https:\/\/www.ailupack.com\/#website\"},\"datePublished\":\"2023-12-01T14:15:35+00:00\",\"dateModified\":\"2024-03-30T06:41:11+00:00\",\"breadcrumb\":{\"@id\":\"https:\/\/www.ailupack.com\/value_added_services\/#breadcrumb\"},\"inLanguage\":\"tr\",\"potentialAction\":[{\"@type\":\"ReadAction\",\"target\":[\"https:\/\/www.ailupack.com\/value_added_services\/\"]}]},{\"@type\":\"BreadcrumbList\",\"@id\":\"https:\/\/www.ailupack.com\/value_added_services\/#breadcrumb\",\"itemListElement\":[{\"@type\":\"ListItem\",\"position\":1,\"name\":\"\u9996\u9875\",\"item\":\"https:\/\/www.ailupack.com\/\"},{\"@type\":\"ListItem\",\"position\":2,\"name\":\"Value-Added Services\"}]},{\"@type\":\"WebSite\",\"@id\":\"https:\/\/www.ailupack.com\/#website\",\"url\":\"https:\/\/www.ailupack.com\/\",\"name\":\"Leader in Packaging and Industry Bags\",\"description\":\"Industrial Multi-Wall Paper Pasted Valve Bags\",\"publisher\":{\"@id\":\"https:\/\/www.ailupack.com\/#organization\"},\"potentialAction\":[{\"@type\":\"SearchAction\",\"target\":{\"@type\":\"EntryPoint\",\"urlTemplate\":\"https:\/\/www.ailupack.com\/?s={search_term_string}\"},\"query-input\":{\"@type\":\"PropertyValueSpecification\",\"valueRequired\":true,\"valueName\":\"search_term_string\"}}],\"inLanguage\":\"tr\"},{\"@type\":\"Organization\",\"@id\":\"https:\/\/www.ailupack.com\/#organization\",\"name\":\"Ailu Group\",\"url\":\"https:\/\/www.ailupack.com\/\",\"logo\":{\"@type\":\"ImageObject\",\"inLanguage\":\"tr\",\"@id\":\"https:\/\/www.ailupack.com\/#\/schema\/logo\/image\/\",\"url\":\"https:\/\/www.ailupack.com\/wp-content\/uploads\/2024\/03\/grouplogo_500x500.png\",\"contentUrl\":\"https:\/\/www.ailupack.com\/wp-content\/uploads\/2024\/03\/grouplogo_500x500.png\",\"width\":500,\"height\":500,\"caption\":\"Ailu Group\"},\"image\":{\"@id\":\"https:\/\/www.ailupack.com\/#\/schema\/logo\/image\/\"}}]}<\/script>\n<!-- \/ Yoast SEO plugin. -->","yoast_head_json":{"title":"Value-Added Services - Ailu Group","robots":{"index":"index","follow":"follow","max-snippet":"max-snippet:-1","max-image-preview":"max-image-preview:large","max-video-preview":"max-video-preview:-1"},"canonical":"https:\/\/www.ailupack.com\/tr\/value_added_services\/","og_locale":"tr_TR","og_type":"article","og_title":"Value-Added Services - Ailu Group","og_url":"https:\/\/www.ailupack.com\/tr\/value_added_services\/","og_site_name":"Ailu Group","article_modified_time":"2024-03-30T06:41:11+00:00","twitter_card":"summary_large_image","schema":{"@context":"https:\/\/schema.org","@graph":[{"@type":"WebPage","@id":"https:\/\/www.ailupack.com\/value_added_services\/","url":"https:\/\/www.ailupack.com\/value_added_services\/","name":"Value-Added Services - Ailu Group","isPartOf":{"@id":"https:\/\/www.ailupack.com\/#website"},"datePublished":"2023-12-01T14:15:35+00:00","dateModified":"2024-03-30T06:41:11+00:00","breadcrumb":{"@id":"https:\/\/www.ailupack.com\/value_added_services\/#breadcrumb"},"inLanguage":"tr","potentialAction":[{"@type":"ReadAction","target":["https:\/\/www.ailupack.com\/value_added_services\/"]}]},{"@type":"BreadcrumbList","@id":"https:\/\/www.ailupack.com\/value_added_services\/#breadcrumb","itemListElement":[{"@type":"ListItem","position":1,"name":"\u9996\u9875","item":"https:\/\/www.ailupack.com\/"},{"@type":"ListItem","position":2,"name":"Value-Added Services"}]},{"@type":"WebSite","@id":"https:\/\/www.ailupack.com\/#website","url":"https:\/\/www.ailupack.com\/","name":"Ambalaj ve Sanayi Torbalar\u0131nda Lider","description":"End\u00fcstriyel \u00c7ok Duvarl\u0131 Ka\u011f\u0131t Yap\u0131\u015ft\u0131r\u0131lm\u0131\u015f Valf Torbalar\u0131","publisher":{"@id":"https:\/\/www.ailupack.com\/#organization"},"potentialAction":[{"@type":"SearchAction","target":{"@type":"EntryPoint","urlTemplate":"https:\/\/www.ailupack.com\/?s={search_term_string}"},"query-input":{"@type":"PropertyValueSpecification","valueRequired":true,"valueName":"search_term_string"}}],"inLanguage":"tr"},{"@type":"Organization","@id":"https:\/\/www.ailupack.com\/#organization","name":"Ailu Grup","url":"https:\/\/www.ailupack.com\/","logo":{"@type":"ImageObject","inLanguage":"tr","@id":"https:\/\/www.ailupack.com\/#\/schema\/logo\/image\/","url":"https:\/\/www.ailupack.com\/wp-content\/uploads\/2024\/03\/grouplogo_500x500.png","contentUrl":"https:\/\/www.ailupack.com\/wp-content\/uploads\/2024\/03\/grouplogo_500x500.png","width":500,"height":500,"caption":"Ailu Group"},"image":{"@id":"https:\/\/www.ailupack.com\/#\/schema\/logo\/image\/"}}]}},"_links":{"self":[{"href":"https:\/\/www.ailupack.com\/tr\/wp-json\/wp\/v2\/pages\/235","targetHints":{"allow":["GET"]}}],"collection":[{"href":"https:\/\/www.ailupack.com\/tr\/wp-json\/wp\/v2\/pages"}],"about":[{"href":"https:\/\/www.ailupack.com\/tr\/wp-json\/wp\/v2\/types\/page"}],"author":[{"embeddable":true,"href":"https:\/\/www.ailupack.com\/tr\/wp-json\/wp\/v2\/users\/1"}],"replies":[{"embeddable":true,"href":"https:\/\/www.ailupack.com\/tr\/wp-json\/wp\/v2\/comments?post=235"}],"version-history":[{"count":0,"href":"https:\/\/www.ailupack.com\/tr\/wp-json\/wp\/v2\/pages\/235\/revisions"}],"wp:attachment":[{"href":"https:\/\/www.ailupack.com\/tr\/wp-json\/wp\/v2\/media?parent=235"}],"curies":[{"name":"wp","href":"https:\/\/api.w.org\/{rel}","templated":true}]}}