{"id":235,"date":"2023-12-01T22:15:35","date_gmt":"2023-12-01T14:15:35","guid":{"rendered":"https:\/\/www.ailupack.com\/?page_id=235"},"modified":"2024-03-30T14:41:11","modified_gmt":"2024-03-30T06:41:11","slug":"value_added_services","status":"publish","type":"page","link":"https:\/\/www.ailupack.com\/pt\/value_added_services\/","title":{"rendered":"Servi\u00e7os de valor acrescentado"},"content":{"rendered":"<p><div class=\"fusion-fullwidth fullwidth-box fusion-builder-row-1 fusion-flex-container has-pattern-background has-mask-background fusion-parallax-none nonhundred-percent-fullwidth non-hundred-percent-height-scrolling\" style=\"--awb-border-radius-top-left:0px;--awb-border-radius-top-right:0px;--awb-border-radius-bottom-right:0px;--awb-border-radius-bottom-left:0px;--awb-padding-top:120px;--awb-padding-bottom:120px;--awb-background-color:var(--awb-color6);--awb-background-image:url(&quot;https:\/\/www.ailupack.com\/wp-content\/uploads\/2024\/03\/vasbg01.jpg&quot;);--awb-background-size:cover;--awb-flex-wrap:wrap;\" ><div class=\"fusion-builder-row fusion-row fusion-flex-align-items-flex-start fusion-flex-content-wrap\" style=\"max-width:1248px;margin-left: calc(-4% \/ 2 );margin-right: calc(-4% \/ 2 );\"><div class=\"fusion-layout-column fusion_builder_column fusion-builder-column-0 fusion_builder_column_1_1 1_1 fusion-flex-column\" style=\"--awb-bg-size:cover;--awb-width-large:100%;--awb-margin-top-large:0px;--awb-spacing-right-large:1.92%;--awb-margin-bottom-large:20px;--awb-spacing-left-large:1.92%;--awb-width-medium:100%;--awb-order-medium:0;--awb-spacing-right-medium:1.92%;--awb-spacing-left-medium:1.92%;--awb-width-small:100%;--awb-order-small:0;--awb-spacing-right-small:1.92%;--awb-spacing-left-small:1.92%;\"><div class=\"fusion-column-wrapper fusion-column-has-shadow fusion-flex-justify-content-flex-start fusion-content-layout-column\"><div class=\"fusion-title title fusion-title-1 fusion-sep-none fusion-title-text fusion-title-size-one\" style=\"--awb-text-color:var(--awb-color1);\"><h1 class=\"fusion-title-heading title-heading-left\" style=\"margin:0;\">Servi\u00e7os de valor acrescentado<\/h1><\/div><div class=\"fusion-text fusion-text-1\" style=\"--awb-text-color:var(--awb-color1);\"><p>Liderar a inova\u00e7\u00e3o em colabora\u00e7\u00e3o, melhorar os servi\u00e7os de valor acrescentado e apoiar o desenvolvimento das empresas<\/p>\n<p>&nbsp;<\/p>\n<\/div><\/div><\/div><\/div><\/div><div class=\"fusion-fullwidth fullwidth-box fusion-builder-row-2 fusion-flex-container has-pattern-background has-mask-background nonhundred-percent-fullwidth non-hundred-percent-height-scrolling\" style=\"--awb-border-radius-top-left:0px;--awb-border-radius-top-right:0px;--awb-border-radius-bottom-right:0px;--awb-border-radius-bottom-left:0px;--awb-padding-top:60px;--awb-padding-bottom:60px;--awb-flex-wrap:wrap;\" ><div class=\"fusion-builder-row fusion-row fusion-flex-align-items-flex-start fusion-flex-content-wrap\" style=\"max-width:1248px;margin-left: calc(-4% \/ 2 );margin-right: calc(-4% \/ 2 );\"><div class=\"fusion-layout-column fusion_builder_column fusion-builder-column-1 fusion_builder_column_1_2 1_2 fusion-flex-column\" style=\"--awb-bg-size:cover;--awb-width-large:50%;--awb-margin-top-large:0px;--awb-spacing-right-large:3.84%;--awb-margin-bottom-large:20px;--awb-spacing-left-large:3.84%;--awb-width-medium:50%;--awb-order-medium:0;--awb-spacing-right-medium:3.84%;--awb-spacing-left-medium:3.84%;--awb-width-small:100%;--awb-order-small:1;--awb-spacing-right-small:1.92%;--awb-spacing-left-small:1.92%;\"><div class=\"fusion-column-wrapper fusion-column-has-shadow fusion-flex-justify-content-flex-start fusion-content-layout-column\"><div class=\"fusion-image-element\" style=\"--awb-margin-top:20px;--awb-caption-title-font-family:var(--h2_typography-font-family);--awb-caption-title-font-weight:var(--h2_typography-font-weight);--awb-caption-title-font-style:var(--h2_typography-font-style);--awb-caption-title-size:var(--h2_typography-font-size);--awb-caption-title-transform:var(--h2_typography-text-transform);--awb-caption-title-line-height:var(--h2_typography-line-height);--awb-caption-title-letter-spacing:var(--h2_typography-letter-spacing);\"><span class=\"fusion-imageframe imageframe-none imageframe-1 hover-type-none\"><img decoding=\"async\" width=\"800\" height=\"560\" title=\"vmi01\" src=\"https:\/\/www.ailupack.com\/wp-content\/uploads\/2024\/03\/vmi01.jpg\" alt class=\"img-responsive wp-image-5447\" srcset=\"https:\/\/www.ailupack.com\/wp-content\/uploads\/2024\/03\/vmi01-200x140.jpg 200w, https:\/\/www.ailupack.com\/wp-content\/uploads\/2024\/03\/vmi01-400x280.jpg 400w, https:\/\/www.ailupack.com\/wp-content\/uploads\/2024\/03\/vmi01-600x420.jpg 600w, https:\/\/www.ailupack.com\/wp-content\/uploads\/2024\/03\/vmi01.jpg 800w\" sizes=\"(max-width: 640px) 100vw, 600px\" \/><\/span><\/div><\/div><\/div><div class=\"fusion-layout-column fusion_builder_column fusion-builder-column-2 fusion_builder_column_1_2 1_2 fusion-flex-column\" style=\"--awb-bg-size:cover;--awb-width-large:50%;--awb-margin-top-large:0px;--awb-spacing-right-large:3.84%;--awb-margin-bottom-large:20px;--awb-spacing-left-large:3.84%;--awb-width-medium:50%;--awb-order-medium:0;--awb-spacing-right-medium:3.84%;--awb-spacing-left-medium:3.84%;--awb-width-small:100%;--awb-order-small:0;--awb-spacing-right-small:1.92%;--awb-spacing-left-small:1.92%;\"><div class=\"fusion-column-wrapper fusion-column-has-shadow fusion-flex-justify-content-flex-start fusion-content-layout-column\"><div class=\"fusion-title title fusion-title-2 fusion-sep-none fusion-title-text fusion-title-size-two\" style=\"--awb-font-size:40px;\"><h2 class=\"fusion-title-heading title-heading-left\" style=\"margin:0;font-size:1em;\">Invent\u00e1rio administrado pelo fornecedor<\/h2><\/div><div class=\"fusion-menu-anchor\" id=\"vmi\"><\/div><div class=\"fusion-text fusion-text-2\"><p>O VMI (Vendor-Managed Inventory) permite uma resposta mais r\u00e1pida \u00e0s exig\u00eancias do mercado, reduz os riscos de invent\u00e1rio e melhora a colabora\u00e7\u00e3o na cadeia de abastecimento atrav\u00e9s da partilha de informa\u00e7\u00f5es. Esta estrat\u00e9gia reduz os custos de invent\u00e1rio, melhora a rota\u00e7\u00e3o do invent\u00e1rio e refor\u00e7a a efici\u00eancia global da cadeia de fornecimento.<\/p>\n<p><strong>Armaz\u00e9m local<br \/><\/strong>A AILU conta com f\u00e1bricas em pa\u00edses abertos para fornecer servi\u00e7os de armazenamento local. Os produtos s\u00e3o priorizados para entrega no armaz\u00e9m de tr\u00e2nsito no pa\u00eds do cliente.<\/p>\n<p><strong>Partilhar informa\u00e7\u00f5es de invent\u00e1rio<br \/><\/strong>Podemos fornecer acesso em tempo real ao pa\u00eds aberto sobre o invent\u00e1rio nos armaz\u00e9ns locais, as quantidades na expedi\u00e7\u00e3o mar\u00edtima e os n\u00edveis de stock na AILU atrav\u00e9s de computadores e dispositivos m\u00f3veis. Isto permite que o pa\u00eds aberto tenha informa\u00e7\u00f5es actualizadas sobre o invent\u00e1rio, permitindo melhores ajustes no planeamento dos materiais e da produ\u00e7\u00e3o.<\/p>\n<p><strong>Encomendar a pedido<br \/><\/strong>Os nossos produtos acabados ser\u00e3o enviados diretamente para os armaz\u00e9ns locais, com base nas previs\u00f5es de cada f\u00e1brica, para garantir um servi\u00e7o de abastecimento r\u00e1pido e seguro.<\/p>\n<p><strong>Aviso de invent\u00e1rio<br \/><\/strong>Os alertas de invent\u00e1rio multi-condi\u00e7\u00f5es configur\u00e1veis notificar\u00e3o os utilizadores por correio eletr\u00f3nico assim que o limite de aviso for acionado.<\/p>\n<\/div><\/div><\/div><\/div><\/div><div class=\"fusion-fullwidth fullwidth-box fusion-builder-row-3 fusion-flex-container has-pattern-background has-mask-background nonhundred-percent-fullwidth non-hundred-percent-height-scrolling\" style=\"--awb-border-radius-top-left:0px;--awb-border-radius-top-right:0px;--awb-border-radius-bottom-right:0px;--awb-border-radius-bottom-left:0px;--awb-padding-top:60px;--awb-padding-bottom:60px;--awb-background-color:var(--awb-custom_color_3);--awb-flex-wrap:wrap;\" ><div class=\"fusion-builder-row fusion-row fusion-flex-align-items-flex-start fusion-flex-content-wrap\" style=\"max-width:1248px;margin-left: calc(-4% \/ 2 );margin-right: calc(-4% \/ 2 );\"><div class=\"fusion-layout-column fusion_builder_column fusion-builder-column-3 fusion_builder_column_1_2 1_2 fusion-flex-column\" style=\"--awb-bg-size:cover;--awb-width-large:50%;--awb-margin-top-large:0px;--awb-spacing-right-large:3.84%;--awb-margin-bottom-large:20px;--awb-spacing-left-large:3.84%;--awb-width-medium:50%;--awb-order-medium:0;--awb-spacing-right-medium:3.84%;--awb-spacing-left-medium:3.84%;--awb-width-small:100%;--awb-order-small:0;--awb-spacing-right-small:1.92%;--awb-spacing-left-small:1.92%;\"><div class=\"fusion-column-wrapper fusion-column-has-shadow fusion-flex-justify-content-flex-start fusion-content-layout-column\"><div class=\"fusion-title title fusion-title-3 fusion-sep-none fusion-title-text fusion-title-size-two\" style=\"--awb-font-size:40px;\"><h2 class=\"fusion-title-heading title-heading-left\" style=\"margin:0;font-size:1em;\">Aplica\u00e7\u00e3o de c\u00f3digos QR<\/h2><\/div><div class=\"fusion-menu-anchor\" id=\"qrcode\"><\/div><div class=\"fusion-text fusion-text-3\"><p>O Grupo Ailu presta servi\u00e7os de valor acrescentado em mat\u00e9ria de c\u00f3digos de barras, imprimindo c\u00f3digos de barras em sacos de embalagem para satisfazer as necessidades dos clientes em termos de consulta eficiente de informa\u00e7\u00f5es sobre os produtos, rastreabilidade, marketing interativo e outros aspectos.<\/p>\n<p><strong>Consulta de informa\u00e7\u00f5es sobre o produto<br \/><\/strong>Os utilizadores podem ler o c\u00f3digo de barras para consultar os detalhes do produto, como a data de produ\u00e7\u00e3o, o prazo de validade, as mat\u00e9rias-primas e a informa\u00e7\u00e3o nutricional.<\/p>\n<p><strong>Servi\u00e7o de rastreabilidade<\/strong><br \/>Se um produto tiver um problema, os utilizadores podem digitalizar o c\u00f3digo de barras para ver o processo de produ\u00e7\u00e3o do produto e as informa\u00e7\u00f5es sobre a cadeia de abastecimento, ajudando as empresas e os consumidores a localizar a origem do problema.<\/p>\n<p><strong>Marketing interativo<\/strong><br \/>As empresas podem utilizar os c\u00f3digos de barras para marketing interativo, por exemplo, oferecendo aos utilizadores recompensas como pontos, cup\u00f5es ou participando em sorteios e programas de descontos atrav\u00e9s da leitura do c\u00f3digo de barras.<\/p>\n<\/div><\/div><\/div><div class=\"fusion-layout-column fusion_builder_column fusion-builder-column-4 fusion_builder_column_1_2 1_2 fusion-flex-column\" style=\"--awb-bg-size:cover;--awb-width-large:50%;--awb-margin-top-large:0px;--awb-spacing-right-large:3.84%;--awb-margin-bottom-large:20px;--awb-spacing-left-large:3.84%;--awb-width-medium:50%;--awb-order-medium:0;--awb-spacing-right-medium:3.84%;--awb-spacing-left-medium:3.84%;--awb-width-small:100%;--awb-order-small:0;--awb-spacing-right-small:1.92%;--awb-spacing-left-small:1.92%;\"><div class=\"fusion-column-wrapper fusion-column-has-shadow fusion-flex-justify-content-flex-start fusion-content-layout-column\"><div class=\"fusion-image-element\" style=\"--awb-margin-top:20px;--awb-caption-title-font-family:var(--h2_typography-font-family);--awb-caption-title-font-weight:var(--h2_typography-font-weight);--awb-caption-title-font-style:var(--h2_typography-font-style);--awb-caption-title-size:var(--h2_typography-font-size);--awb-caption-title-transform:var(--h2_typography-text-transform);--awb-caption-title-line-height:var(--h2_typography-line-height);--awb-caption-title-letter-spacing:var(--h2_typography-letter-spacing);\"><span class=\"fusion-imageframe imageframe-none imageframe-2 hover-type-none\"><img decoding=\"async\" width=\"800\" height=\"600\" title=\"c\u00f3digo QR\" src=\"https:\/\/www.ailupack.com\/wp-content\/uploads\/2024\/03\/qrcode.png\" alt class=\"img-responsive wp-image-5452\" srcset=\"https:\/\/www.ailupack.com\/wp-content\/uploads\/2024\/03\/qrcode-200x150.png 200w, https:\/\/www.ailupack.com\/wp-content\/uploads\/2024\/03\/qrcode-400x300.png 400w, https:\/\/www.ailupack.com\/wp-content\/uploads\/2024\/03\/qrcode-600x450.png 600w, https:\/\/www.ailupack.com\/wp-content\/uploads\/2024\/03\/qrcode.png 800w\" sizes=\"(max-width: 640px) 100vw, 600px\" \/><\/span><\/div><\/div><\/div><\/div><\/div><\/p>","protected":false},"excerpt":{"rendered":"","protected":false},"author":1,"featured_media":0,"parent":0,"menu_order":0,"comment_status":"closed","ping_status":"closed","template":"100-width.php","meta":{"footnotes":""},"class_list":["post-235","page","type-page","status-publish","hentry"],"yoast_head":"<!-- This site is optimized with the Yoast SEO plugin v25.5 - https:\/\/yoast.com\/wordpress\/plugins\/seo\/ -->\n<title>Value-Added Services - Ailu Group<\/title>\n<meta name=\"robots\" content=\"index, follow, max-snippet:-1, max-image-preview:large, max-video-preview:-1\" \/>\n<link rel=\"canonical\" href=\"https:\/\/www.ailupack.com\/pt\/value_added_services\/\" \/>\n<meta property=\"og:locale\" content=\"pt_PT\" \/>\n<meta property=\"og:type\" content=\"article\" \/>\n<meta property=\"og:title\" content=\"Value-Added Services - Ailu Group\" \/>\n<meta property=\"og:url\" content=\"https:\/\/www.ailupack.com\/pt\/value_added_services\/\" \/>\n<meta property=\"og:site_name\" content=\"Ailu Group\" \/>\n<meta property=\"article:modified_time\" content=\"2024-03-30T06:41:11+00:00\" \/>\n<meta name=\"twitter:card\" content=\"summary_large_image\" \/>\n<script type=\"application\/ld+json\" class=\"yoast-schema-graph\">{\"@context\":\"https:\/\/schema.org\",\"@graph\":[{\"@type\":\"WebPage\",\"@id\":\"https:\/\/www.ailupack.com\/value_added_services\/\",\"url\":\"https:\/\/www.ailupack.com\/value_added_services\/\",\"name\":\"Value-Added Services - Ailu Group\",\"isPartOf\":{\"@id\":\"https:\/\/www.ailupack.com\/#website\"},\"datePublished\":\"2023-12-01T14:15:35+00:00\",\"dateModified\":\"2024-03-30T06:41:11+00:00\",\"breadcrumb\":{\"@id\":\"https:\/\/www.ailupack.com\/value_added_services\/#breadcrumb\"},\"inLanguage\":\"pt-PT\",\"potentialAction\":[{\"@type\":\"ReadAction\",\"target\":[\"https:\/\/www.ailupack.com\/value_added_services\/\"]}]},{\"@type\":\"BreadcrumbList\",\"@id\":\"https:\/\/www.ailupack.com\/value_added_services\/#breadcrumb\",\"itemListElement\":[{\"@type\":\"ListItem\",\"position\":1,\"name\":\"\u9996\u9875\",\"item\":\"https:\/\/www.ailupack.com\/\"},{\"@type\":\"ListItem\",\"position\":2,\"name\":\"Value-Added Services\"}]},{\"@type\":\"WebSite\",\"@id\":\"https:\/\/www.ailupack.com\/#website\",\"url\":\"https:\/\/www.ailupack.com\/\",\"name\":\"Leader in Packaging and Industry Bags\",\"description\":\"Industrial Multi-Wall Paper Pasted Valve Bags\",\"publisher\":{\"@id\":\"https:\/\/www.ailupack.com\/#organization\"},\"potentialAction\":[{\"@type\":\"SearchAction\",\"target\":{\"@type\":\"EntryPoint\",\"urlTemplate\":\"https:\/\/www.ailupack.com\/?s={search_term_string}\"},\"query-input\":{\"@type\":\"PropertyValueSpecification\",\"valueRequired\":true,\"valueName\":\"search_term_string\"}}],\"inLanguage\":\"pt-PT\"},{\"@type\":\"Organization\",\"@id\":\"https:\/\/www.ailupack.com\/#organization\",\"name\":\"Ailu Group\",\"url\":\"https:\/\/www.ailupack.com\/\",\"logo\":{\"@type\":\"ImageObject\",\"inLanguage\":\"pt-PT\",\"@id\":\"https:\/\/www.ailupack.com\/#\/schema\/logo\/image\/\",\"url\":\"https:\/\/www.ailupack.com\/wp-content\/uploads\/2024\/03\/grouplogo_500x500.png\",\"contentUrl\":\"https:\/\/www.ailupack.com\/wp-content\/uploads\/2024\/03\/grouplogo_500x500.png\",\"width\":500,\"height\":500,\"caption\":\"Ailu Group\"},\"image\":{\"@id\":\"https:\/\/www.ailupack.com\/#\/schema\/logo\/image\/\"}}]}<\/script>\n<!-- \/ Yoast SEO plugin. -->","yoast_head_json":{"title":"Value-Added Services - Ailu Group","robots":{"index":"index","follow":"follow","max-snippet":"max-snippet:-1","max-image-preview":"max-image-preview:large","max-video-preview":"max-video-preview:-1"},"canonical":"https:\/\/www.ailupack.com\/pt\/value_added_services\/","og_locale":"pt_PT","og_type":"article","og_title":"Value-Added Services - Ailu Group","og_url":"https:\/\/www.ailupack.com\/pt\/value_added_services\/","og_site_name":"Ailu Group","article_modified_time":"2024-03-30T06:41:11+00:00","twitter_card":"summary_large_image","schema":{"@context":"https:\/\/schema.org","@graph":[{"@type":"WebPage","@id":"https:\/\/www.ailupack.com\/value_added_services\/","url":"https:\/\/www.ailupack.com\/value_added_services\/","name":"Value-Added Services - Ailu Group","isPartOf":{"@id":"https:\/\/www.ailupack.com\/#website"},"datePublished":"2023-12-01T14:15:35+00:00","dateModified":"2024-03-30T06:41:11+00:00","breadcrumb":{"@id":"https:\/\/www.ailupack.com\/value_added_services\/#breadcrumb"},"inLanguage":"pt-PT","potentialAction":[{"@type":"ReadAction","target":["https:\/\/www.ailupack.com\/value_added_services\/"]}]},{"@type":"BreadcrumbList","@id":"https:\/\/www.ailupack.com\/value_added_services\/#breadcrumb","itemListElement":[{"@type":"ListItem","position":1,"name":"\u9996\u9875","item":"https:\/\/www.ailupack.com\/"},{"@type":"ListItem","position":2,"name":"Value-Added Services"}]},{"@type":"WebSite","@id":"https:\/\/www.ailupack.com\/#website","url":"https:\/\/www.ailupack.com\/","name":"L\u00edder em embalagens e sacos para a ind\u00fastria","description":"Sacos de v\u00e1lvula industriais de papel colado de paredes m\u00faltiplas","publisher":{"@id":"https:\/\/www.ailupack.com\/#organization"},"potentialAction":[{"@type":"SearchAction","target":{"@type":"EntryPoint","urlTemplate":"https:\/\/www.ailupack.com\/?s={search_term_string}"},"query-input":{"@type":"PropertyValueSpecification","valueRequired":true,"valueName":"search_term_string"}}],"inLanguage":"pt-PT"},{"@type":"Organization","@id":"https:\/\/www.ailupack.com\/#organization","name":"Grupo Ailu","url":"https:\/\/www.ailupack.com\/","logo":{"@type":"ImageObject","inLanguage":"pt-PT","@id":"https:\/\/www.ailupack.com\/#\/schema\/logo\/image\/","url":"https:\/\/www.ailupack.com\/wp-content\/uploads\/2024\/03\/grouplogo_500x500.png","contentUrl":"https:\/\/www.ailupack.com\/wp-content\/uploads\/2024\/03\/grouplogo_500x500.png","width":500,"height":500,"caption":"Ailu Group"},"image":{"@id":"https:\/\/www.ailupack.com\/#\/schema\/logo\/image\/"}}]}},"_links":{"self":[{"href":"https:\/\/www.ailupack.com\/pt\/wp-json\/wp\/v2\/pages\/235","targetHints":{"allow":["GET"]}}],"collection":[{"href":"https:\/\/www.ailupack.com\/pt\/wp-json\/wp\/v2\/pages"}],"about":[{"href":"https:\/\/www.ailupack.com\/pt\/wp-json\/wp\/v2\/types\/page"}],"author":[{"embeddable":true,"href":"https:\/\/www.ailupack.com\/pt\/wp-json\/wp\/v2\/users\/1"}],"replies":[{"embeddable":true,"href":"https:\/\/www.ailupack.com\/pt\/wp-json\/wp\/v2\/comments?post=235"}],"version-history":[{"count":0,"href":"https:\/\/www.ailupack.com\/pt\/wp-json\/wp\/v2\/pages\/235\/revisions"}],"wp:attachment":[{"href":"https:\/\/www.ailupack.com\/pt\/wp-json\/wp\/v2\/media?parent=235"}],"curies":[{"name":"wp","href":"https:\/\/api.w.org\/{rel}","templated":true}]}}