{"id":235,"date":"2023-12-01T22:15:35","date_gmt":"2023-12-01T14:15:35","guid":{"rendered":"https:\/\/www.ailupack.com\/?page_id=235"},"modified":"2024-03-30T14:41:11","modified_gmt":"2024-03-30T06:41:11","slug":"value_added_services","status":"publish","type":"page","link":"https:\/\/www.ailupack.com\/fr\/value_added_services\/","title":{"rendered":"Services \u00e0 valeur ajout\u00e9e"},"content":{"rendered":"<p><div class=\"fusion-fullwidth fullwidth-box fusion-builder-row-1 fusion-flex-container has-pattern-background has-mask-background fusion-parallax-none nonhundred-percent-fullwidth non-hundred-percent-height-scrolling\" style=\"--awb-border-radius-top-left:0px;--awb-border-radius-top-right:0px;--awb-border-radius-bottom-right:0px;--awb-border-radius-bottom-left:0px;--awb-padding-top:120px;--awb-padding-bottom:120px;--awb-background-color:var(--awb-color6);--awb-background-image:url(&quot;https:\/\/www.ailupack.com\/wp-content\/uploads\/2024\/03\/vasbg01.jpg&quot;);--awb-background-size:cover;--awb-flex-wrap:wrap;\" ><div class=\"fusion-builder-row fusion-row fusion-flex-align-items-flex-start fusion-flex-content-wrap\" style=\"max-width:1248px;margin-left: calc(-4% \/ 2 );margin-right: calc(-4% \/ 2 );\"><div class=\"fusion-layout-column fusion_builder_column fusion-builder-column-0 fusion_builder_column_1_1 1_1 fusion-flex-column\" style=\"--awb-bg-size:cover;--awb-width-large:100%;--awb-margin-top-large:0px;--awb-spacing-right-large:1.92%;--awb-margin-bottom-large:20px;--awb-spacing-left-large:1.92%;--awb-width-medium:100%;--awb-order-medium:0;--awb-spacing-right-medium:1.92%;--awb-spacing-left-medium:1.92%;--awb-width-small:100%;--awb-order-small:0;--awb-spacing-right-small:1.92%;--awb-spacing-left-small:1.92%;\"><div class=\"fusion-column-wrapper fusion-column-has-shadow fusion-flex-justify-content-flex-start fusion-content-layout-column\"><div class=\"fusion-title title fusion-title-1 fusion-sep-none fusion-title-text fusion-title-size-one\" style=\"--awb-text-color:var(--awb-color1);\"><h1 class=\"fusion-title-heading title-heading-left\" style=\"margin:0;\">Services \u00e0 valeur ajout\u00e9e<\/h1><\/div><div class=\"fusion-text fusion-text-1\" style=\"--awb-text-color:var(--awb-color1);\"><p>Diriger l'innovation collaborative, am\u00e9liorer les services \u00e0 valeur ajout\u00e9e et aider au d\u00e9veloppement des entreprises<\/p>\n<p>&nbsp;<\/p>\n<\/div><\/div><\/div><\/div><\/div><div class=\"fusion-fullwidth fullwidth-box fusion-builder-row-2 fusion-flex-container has-pattern-background has-mask-background nonhundred-percent-fullwidth non-hundred-percent-height-scrolling\" style=\"--awb-border-radius-top-left:0px;--awb-border-radius-top-right:0px;--awb-border-radius-bottom-right:0px;--awb-border-radius-bottom-left:0px;--awb-padding-top:60px;--awb-padding-bottom:60px;--awb-flex-wrap:wrap;\" ><div class=\"fusion-builder-row fusion-row fusion-flex-align-items-flex-start fusion-flex-content-wrap\" style=\"max-width:1248px;margin-left: calc(-4% \/ 2 );margin-right: calc(-4% \/ 2 );\"><div class=\"fusion-layout-column fusion_builder_column fusion-builder-column-1 fusion_builder_column_1_2 1_2 fusion-flex-column\" style=\"--awb-bg-size:cover;--awb-width-large:50%;--awb-margin-top-large:0px;--awb-spacing-right-large:3.84%;--awb-margin-bottom-large:20px;--awb-spacing-left-large:3.84%;--awb-width-medium:50%;--awb-order-medium:0;--awb-spacing-right-medium:3.84%;--awb-spacing-left-medium:3.84%;--awb-width-small:100%;--awb-order-small:1;--awb-spacing-right-small:1.92%;--awb-spacing-left-small:1.92%;\"><div class=\"fusion-column-wrapper fusion-column-has-shadow fusion-flex-justify-content-flex-start fusion-content-layout-column\"><div class=\"fusion-image-element\" style=\"--awb-margin-top:20px;--awb-caption-title-font-family:var(--h2_typography-font-family);--awb-caption-title-font-weight:var(--h2_typography-font-weight);--awb-caption-title-font-style:var(--h2_typography-font-style);--awb-caption-title-size:var(--h2_typography-font-size);--awb-caption-title-transform:var(--h2_typography-text-transform);--awb-caption-title-line-height:var(--h2_typography-line-height);--awb-caption-title-letter-spacing:var(--h2_typography-letter-spacing);\"><span class=\"fusion-imageframe imageframe-none imageframe-1 hover-type-none\"><img decoding=\"async\" width=\"800\" height=\"560\" title=\"vmi01\" src=\"https:\/\/www.ailupack.com\/wp-content\/uploads\/2024\/03\/vmi01.jpg\" alt class=\"img-responsive wp-image-5447\" srcset=\"https:\/\/www.ailupack.com\/wp-content\/uploads\/2024\/03\/vmi01-200x140.jpg 200w, https:\/\/www.ailupack.com\/wp-content\/uploads\/2024\/03\/vmi01-400x280.jpg 400w, https:\/\/www.ailupack.com\/wp-content\/uploads\/2024\/03\/vmi01-600x420.jpg 600w, https:\/\/www.ailupack.com\/wp-content\/uploads\/2024\/03\/vmi01.jpg 800w\" sizes=\"(max-width: 640px) 100vw, 600px\" \/><\/span><\/div><\/div><\/div><div class=\"fusion-layout-column fusion_builder_column fusion-builder-column-2 fusion_builder_column_1_2 1_2 fusion-flex-column\" style=\"--awb-bg-size:cover;--awb-width-large:50%;--awb-margin-top-large:0px;--awb-spacing-right-large:3.84%;--awb-margin-bottom-large:20px;--awb-spacing-left-large:3.84%;--awb-width-medium:50%;--awb-order-medium:0;--awb-spacing-right-medium:3.84%;--awb-spacing-left-medium:3.84%;--awb-width-small:100%;--awb-order-small:0;--awb-spacing-right-small:1.92%;--awb-spacing-left-small:1.92%;\"><div class=\"fusion-column-wrapper fusion-column-has-shadow fusion-flex-justify-content-flex-start fusion-content-layout-column\"><div class=\"fusion-title title fusion-title-2 fusion-sep-none fusion-title-text fusion-title-size-two\" style=\"--awb-font-size:40px;\"><h2 class=\"fusion-title-heading title-heading-left\" style=\"margin:0;font-size:1em;\">Inventaire g\u00e9r\u00e9 par le fournisseur<\/h2><\/div><div class=\"fusion-menu-anchor\" id=\"vmi\"><\/div><div class=\"fusion-text fusion-text-2\"><p>Le VMI (Vendor-Managed Inventory) permet de r\u00e9pondre plus rapidement aux demandes du march\u00e9, de r\u00e9duire les risques li\u00e9s aux stocks et d'am\u00e9liorer la collaboration au sein de la cha\u00eene d'approvisionnement gr\u00e2ce au partage des informations. Cette strat\u00e9gie permet de r\u00e9duire les co\u00fbts des stocks, d'am\u00e9liorer la rotation des stocks et de renforcer l'efficacit\u00e9 globale de la cha\u00eene d'approvisionnement.<\/p>\n<p><strong>Entrep\u00f4t local<br \/><\/strong>AILU s'appuie sur des usines situ\u00e9es dans des pays ouverts pour fournir des services d'entreposage locaux. Les produits sont livr\u00e9s en priorit\u00e9 \u00e0 l'entrep\u00f4t de transit dans le pays du client.<\/p>\n<p><strong>Partage des informations sur les stocks<br \/><\/strong>Nous pouvons fournir au pays ouvert un acc\u00e8s en temps r\u00e9el \u00e0 l'inventaire dans les entrep\u00f4ts locaux, aux quantit\u00e9s dans l'exp\u00e9dition maritime et aux niveaux de stock chez AILU, \u00e0 la fois par le biais d'un ordinateur et d'un appareil mobile. Cela permet au pays ouvert de disposer d'informations actualis\u00e9es sur les stocks, ce qui permet de mieux ajuster la planification des mat\u00e9riaux et de la production.<\/p>\n<p><strong>Commande \u00e0 la demande<br \/><\/strong>Nos produits finis seront directement envoy\u00e9s aux entrep\u00f4ts locaux, en fonction des pr\u00e9visions pour chaque usine, afin de garantir un service d'approvisionnement rapide et s\u00fbr.<\/p>\n<p><strong>Avertissement sur les stocks<br \/><\/strong>Des alertes d'inventaire multi-conditionnelles configurables notifient les utilisateurs par courrier \u00e9lectronique d\u00e8s que le seuil d'alerte est d\u00e9clench\u00e9.<\/p>\n<\/div><\/div><\/div><\/div><\/div><div class=\"fusion-fullwidth fullwidth-box fusion-builder-row-3 fusion-flex-container has-pattern-background has-mask-background nonhundred-percent-fullwidth non-hundred-percent-height-scrolling\" style=\"--awb-border-radius-top-left:0px;--awb-border-radius-top-right:0px;--awb-border-radius-bottom-right:0px;--awb-border-radius-bottom-left:0px;--awb-padding-top:60px;--awb-padding-bottom:60px;--awb-background-color:var(--awb-custom_color_3);--awb-flex-wrap:wrap;\" ><div class=\"fusion-builder-row fusion-row fusion-flex-align-items-flex-start fusion-flex-content-wrap\" style=\"max-width:1248px;margin-left: calc(-4% \/ 2 );margin-right: calc(-4% \/ 2 );\"><div class=\"fusion-layout-column fusion_builder_column fusion-builder-column-3 fusion_builder_column_1_2 1_2 fusion-flex-column\" style=\"--awb-bg-size:cover;--awb-width-large:50%;--awb-margin-top-large:0px;--awb-spacing-right-large:3.84%;--awb-margin-bottom-large:20px;--awb-spacing-left-large:3.84%;--awb-width-medium:50%;--awb-order-medium:0;--awb-spacing-right-medium:3.84%;--awb-spacing-left-medium:3.84%;--awb-width-small:100%;--awb-order-small:0;--awb-spacing-right-small:1.92%;--awb-spacing-left-small:1.92%;\"><div class=\"fusion-column-wrapper fusion-column-has-shadow fusion-flex-justify-content-flex-start fusion-content-layout-column\"><div class=\"fusion-title title fusion-title-3 fusion-sep-none fusion-title-text fusion-title-size-two\" style=\"--awb-font-size:40px;\"><h2 class=\"fusion-title-heading title-heading-left\" style=\"margin:0;font-size:1em;\">Codes QR Application<\/h2><\/div><div class=\"fusion-menu-anchor\" id=\"qrcode\"><\/div><div class=\"fusion-text fusion-text-3\"><p>Ailu Group fournit des services \u00e0 valeur ajout\u00e9e en mati\u00e8re de codes-barres, en imprimant des codes-barres sur les sacs d'emballage afin de r\u00e9pondre aux besoins des clients en mati\u00e8re de recherche efficace d'informations sur les produits, de tra\u00e7abilit\u00e9, de marketing interactif et d'autres aspects.<\/p>\n<p><strong>Demande d'information sur les produits<br \/><\/strong>Les utilisateurs peuvent scanner le code-barres pour obtenir des informations sur le produit, telles que la date de production, la dur\u00e9e de conservation, les mati\u00e8res premi\u00e8res et les informations nutritionnelles.<\/p>\n<p><strong>Service de tra\u00e7abilit\u00e9<\/strong><br \/>Si un produit pr\u00e9sente un probl\u00e8me, les utilisateurs peuvent scanner le code-barres pour afficher le processus de production du produit et les informations relatives \u00e0 la cha\u00eene d'approvisionnement, ce qui aide les entreprises et les consommateurs \u00e0 remonter \u00e0 la source du probl\u00e8me.<\/p>\n<p><strong>Marketing interactif<\/strong><br \/>Les entreprises peuvent utiliser les codes-barres pour le marketing interactif, par exemple en offrant aux utilisateurs des r\u00e9compenses telles que des points ou des coupons, ou en participant \u00e0 des tirages au sort ou \u00e0 des programmes de rabais en scannant le code-barres.<\/p>\n<\/div><\/div><\/div><div class=\"fusion-layout-column fusion_builder_column fusion-builder-column-4 fusion_builder_column_1_2 1_2 fusion-flex-column\" style=\"--awb-bg-size:cover;--awb-width-large:50%;--awb-margin-top-large:0px;--awb-spacing-right-large:3.84%;--awb-margin-bottom-large:20px;--awb-spacing-left-large:3.84%;--awb-width-medium:50%;--awb-order-medium:0;--awb-spacing-right-medium:3.84%;--awb-spacing-left-medium:3.84%;--awb-width-small:100%;--awb-order-small:0;--awb-spacing-right-small:1.92%;--awb-spacing-left-small:1.92%;\"><div class=\"fusion-column-wrapper fusion-column-has-shadow fusion-flex-justify-content-flex-start fusion-content-layout-column\"><div class=\"fusion-image-element\" style=\"--awb-margin-top:20px;--awb-caption-title-font-family:var(--h2_typography-font-family);--awb-caption-title-font-weight:var(--h2_typography-font-weight);--awb-caption-title-font-style:var(--h2_typography-font-style);--awb-caption-title-size:var(--h2_typography-font-size);--awb-caption-title-transform:var(--h2_typography-text-transform);--awb-caption-title-line-height:var(--h2_typography-line-height);--awb-caption-title-letter-spacing:var(--h2_typography-letter-spacing);\"><span class=\"fusion-imageframe imageframe-none imageframe-2 hover-type-none\"><img decoding=\"async\" width=\"800\" height=\"600\" title=\"qrcode\" src=\"https:\/\/www.ailupack.com\/wp-content\/uploads\/2024\/03\/qrcode.png\" alt class=\"img-responsive wp-image-5452\" srcset=\"https:\/\/www.ailupack.com\/wp-content\/uploads\/2024\/03\/qrcode-200x150.png 200w, https:\/\/www.ailupack.com\/wp-content\/uploads\/2024\/03\/qrcode-400x300.png 400w, https:\/\/www.ailupack.com\/wp-content\/uploads\/2024\/03\/qrcode-600x450.png 600w, https:\/\/www.ailupack.com\/wp-content\/uploads\/2024\/03\/qrcode.png 800w\" sizes=\"(max-width: 640px) 100vw, 600px\" \/><\/span><\/div><\/div><\/div><\/div><\/div><\/p>","protected":false},"excerpt":{"rendered":"","protected":false},"author":1,"featured_media":0,"parent":0,"menu_order":0,"comment_status":"closed","ping_status":"closed","template":"100-width.php","meta":{"footnotes":""},"class_list":["post-235","page","type-page","status-publish","hentry"],"yoast_head":"<!-- This site is optimized with the Yoast SEO plugin v25.5 - https:\/\/yoast.com\/wordpress\/plugins\/seo\/ -->\n<title>Value-Added Services - Ailu Group<\/title>\n<meta name=\"robots\" content=\"index, follow, max-snippet:-1, max-image-preview:large, max-video-preview:-1\" \/>\n<link rel=\"canonical\" href=\"https:\/\/www.ailupack.com\/fr\/value_added_services\/\" \/>\n<meta property=\"og:locale\" content=\"fr_FR\" \/>\n<meta property=\"og:type\" content=\"article\" \/>\n<meta property=\"og:title\" content=\"Value-Added Services - Ailu Group\" \/>\n<meta property=\"og:url\" content=\"https:\/\/www.ailupack.com\/fr\/value_added_services\/\" \/>\n<meta property=\"og:site_name\" content=\"Ailu Group\" \/>\n<meta property=\"article:modified_time\" content=\"2024-03-30T06:41:11+00:00\" \/>\n<meta name=\"twitter:card\" content=\"summary_large_image\" \/>\n<script type=\"application\/ld+json\" class=\"yoast-schema-graph\">{\"@context\":\"https:\/\/schema.org\",\"@graph\":[{\"@type\":\"WebPage\",\"@id\":\"https:\/\/www.ailupack.com\/value_added_services\/\",\"url\":\"https:\/\/www.ailupack.com\/value_added_services\/\",\"name\":\"Value-Added Services - Ailu Group\",\"isPartOf\":{\"@id\":\"https:\/\/www.ailupack.com\/#website\"},\"datePublished\":\"2023-12-01T14:15:35+00:00\",\"dateModified\":\"2024-03-30T06:41:11+00:00\",\"breadcrumb\":{\"@id\":\"https:\/\/www.ailupack.com\/value_added_services\/#breadcrumb\"},\"inLanguage\":\"fr-FR\",\"potentialAction\":[{\"@type\":\"ReadAction\",\"target\":[\"https:\/\/www.ailupack.com\/value_added_services\/\"]}]},{\"@type\":\"BreadcrumbList\",\"@id\":\"https:\/\/www.ailupack.com\/value_added_services\/#breadcrumb\",\"itemListElement\":[{\"@type\":\"ListItem\",\"position\":1,\"name\":\"\u9996\u9875\",\"item\":\"https:\/\/www.ailupack.com\/\"},{\"@type\":\"ListItem\",\"position\":2,\"name\":\"Value-Added Services\"}]},{\"@type\":\"WebSite\",\"@id\":\"https:\/\/www.ailupack.com\/#website\",\"url\":\"https:\/\/www.ailupack.com\/\",\"name\":\"Leader in Packaging and Industry Bags\",\"description\":\"Industrial Multi-Wall Paper Pasted Valve Bags\",\"publisher\":{\"@id\":\"https:\/\/www.ailupack.com\/#organization\"},\"potentialAction\":[{\"@type\":\"SearchAction\",\"target\":{\"@type\":\"EntryPoint\",\"urlTemplate\":\"https:\/\/www.ailupack.com\/?s={search_term_string}\"},\"query-input\":{\"@type\":\"PropertyValueSpecification\",\"valueRequired\":true,\"valueName\":\"search_term_string\"}}],\"inLanguage\":\"fr-FR\"},{\"@type\":\"Organization\",\"@id\":\"https:\/\/www.ailupack.com\/#organization\",\"name\":\"Ailu Group\",\"url\":\"https:\/\/www.ailupack.com\/\",\"logo\":{\"@type\":\"ImageObject\",\"inLanguage\":\"fr-FR\",\"@id\":\"https:\/\/www.ailupack.com\/#\/schema\/logo\/image\/\",\"url\":\"https:\/\/www.ailupack.com\/wp-content\/uploads\/2024\/03\/grouplogo_500x500.png\",\"contentUrl\":\"https:\/\/www.ailupack.com\/wp-content\/uploads\/2024\/03\/grouplogo_500x500.png\",\"width\":500,\"height\":500,\"caption\":\"Ailu Group\"},\"image\":{\"@id\":\"https:\/\/www.ailupack.com\/#\/schema\/logo\/image\/\"}}]}<\/script>\n<!-- \/ Yoast SEO plugin. -->","yoast_head_json":{"title":"Value-Added Services - Ailu Group","robots":{"index":"index","follow":"follow","max-snippet":"max-snippet:-1","max-image-preview":"max-image-preview:large","max-video-preview":"max-video-preview:-1"},"canonical":"https:\/\/www.ailupack.com\/fr\/value_added_services\/","og_locale":"fr_FR","og_type":"article","og_title":"Value-Added Services - Ailu Group","og_url":"https:\/\/www.ailupack.com\/fr\/value_added_services\/","og_site_name":"Ailu Group","article_modified_time":"2024-03-30T06:41:11+00:00","twitter_card":"summary_large_image","schema":{"@context":"https:\/\/schema.org","@graph":[{"@type":"WebPage","@id":"https:\/\/www.ailupack.com\/value_added_services\/","url":"https:\/\/www.ailupack.com\/value_added_services\/","name":"Value-Added Services - Ailu Group","isPartOf":{"@id":"https:\/\/www.ailupack.com\/#website"},"datePublished":"2023-12-01T14:15:35+00:00","dateModified":"2024-03-30T06:41:11+00:00","breadcrumb":{"@id":"https:\/\/www.ailupack.com\/value_added_services\/#breadcrumb"},"inLanguage":"fr-FR","potentialAction":[{"@type":"ReadAction","target":["https:\/\/www.ailupack.com\/value_added_services\/"]}]},{"@type":"BreadcrumbList","@id":"https:\/\/www.ailupack.com\/value_added_services\/#breadcrumb","itemListElement":[{"@type":"ListItem","position":1,"name":"\u9996\u9875","item":"https:\/\/www.ailupack.com\/"},{"@type":"ListItem","position":2,"name":"Value-Added Services"}]},{"@type":"WebSite","@id":"https:\/\/www.ailupack.com\/#website","url":"https:\/\/www.ailupack.com\/","name":"Leader de l'emballage et des sacs industriels","description":"Sacs \u00e0 valve industriels multi-parois en papier coll\u00e9","publisher":{"@id":"https:\/\/www.ailupack.com\/#organization"},"potentialAction":[{"@type":"SearchAction","target":{"@type":"EntryPoint","urlTemplate":"https:\/\/www.ailupack.com\/?s={search_term_string}"},"query-input":{"@type":"PropertyValueSpecification","valueRequired":true,"valueName":"search_term_string"}}],"inLanguage":"fr-FR"},{"@type":"Organization","@id":"https:\/\/www.ailupack.com\/#organization","name":"Groupe Ailu","url":"https:\/\/www.ailupack.com\/","logo":{"@type":"ImageObject","inLanguage":"fr-FR","@id":"https:\/\/www.ailupack.com\/#\/schema\/logo\/image\/","url":"https:\/\/www.ailupack.com\/wp-content\/uploads\/2024\/03\/grouplogo_500x500.png","contentUrl":"https:\/\/www.ailupack.com\/wp-content\/uploads\/2024\/03\/grouplogo_500x500.png","width":500,"height":500,"caption":"Ailu Group"},"image":{"@id":"https:\/\/www.ailupack.com\/#\/schema\/logo\/image\/"}}]}},"_links":{"self":[{"href":"https:\/\/www.ailupack.com\/fr\/wp-json\/wp\/v2\/pages\/235","targetHints":{"allow":["GET"]}}],"collection":[{"href":"https:\/\/www.ailupack.com\/fr\/wp-json\/wp\/v2\/pages"}],"about":[{"href":"https:\/\/www.ailupack.com\/fr\/wp-json\/wp\/v2\/types\/page"}],"author":[{"embeddable":true,"href":"https:\/\/www.ailupack.com\/fr\/wp-json\/wp\/v2\/users\/1"}],"replies":[{"embeddable":true,"href":"https:\/\/www.ailupack.com\/fr\/wp-json\/wp\/v2\/comments?post=235"}],"version-history":[{"count":0,"href":"https:\/\/www.ailupack.com\/fr\/wp-json\/wp\/v2\/pages\/235\/revisions"}],"wp:attachment":[{"href":"https:\/\/www.ailupack.com\/fr\/wp-json\/wp\/v2\/media?parent=235"}],"curies":[{"name":"wp","href":"https:\/\/api.w.org\/{rel}","templated":true}]}}