{"id":235,"date":"2023-12-01T22:15:35","date_gmt":"2023-12-01T14:15:35","guid":{"rendered":"https:\/\/www.ailupack.com\/?page_id=235"},"modified":"2024-03-30T14:41:11","modified_gmt":"2024-03-30T06:41:11","slug":"value_added_services","status":"publish","type":"page","link":"https:\/\/www.ailupack.com\/es\/value_added_services\/","title":{"rendered":"Servicios de valor a\u00f1adido"},"content":{"rendered":"<p><div class=\"fusion-fullwidth fullwidth-box fusion-builder-row-1 fusion-flex-container has-pattern-background has-mask-background fusion-parallax-none nonhundred-percent-fullwidth non-hundred-percent-height-scrolling\" style=\"--awb-border-radius-top-left:0px;--awb-border-radius-top-right:0px;--awb-border-radius-bottom-right:0px;--awb-border-radius-bottom-left:0px;--awb-padding-top:120px;--awb-padding-bottom:120px;--awb-background-color:var(--awb-color6);--awb-background-image:url(&quot;https:\/\/www.ailupack.com\/wp-content\/uploads\/2024\/03\/vasbg01.jpg&quot;);--awb-background-size:cover;--awb-flex-wrap:wrap;\" ><div class=\"fusion-builder-row fusion-row fusion-flex-align-items-flex-start fusion-flex-content-wrap\" style=\"max-width:1248px;margin-left: calc(-4% \/ 2 );margin-right: calc(-4% \/ 2 );\"><div class=\"fusion-layout-column fusion_builder_column fusion-builder-column-0 fusion_builder_column_1_1 1_1 fusion-flex-column\" style=\"--awb-bg-size:cover;--awb-width-large:100%;--awb-margin-top-large:0px;--awb-spacing-right-large:1.92%;--awb-margin-bottom-large:20px;--awb-spacing-left-large:1.92%;--awb-width-medium:100%;--awb-order-medium:0;--awb-spacing-right-medium:1.92%;--awb-spacing-left-medium:1.92%;--awb-width-small:100%;--awb-order-small:0;--awb-spacing-right-small:1.92%;--awb-spacing-left-small:1.92%;\"><div class=\"fusion-column-wrapper fusion-column-has-shadow fusion-flex-justify-content-flex-start fusion-content-layout-column\"><div class=\"fusion-title title fusion-title-1 fusion-sep-none fusion-title-text fusion-title-size-one\" style=\"--awb-text-color:var(--awb-color1);\"><h1 class=\"fusion-title-heading title-heading-left\" style=\"margin:0;\">Servicios de valor a\u00f1adido<\/h1><\/div><div class=\"fusion-text fusion-text-1\" style=\"--awb-text-color:var(--awb-color1);\"><p>Liderar la innovaci\u00f3n colaborativa, potenciar los servicios de valor a\u00f1adido y ayudar al desarrollo empresarial.<\/p>\n<p>&nbsp;<\/p>\n<\/div><\/div><\/div><\/div><\/div><div class=\"fusion-fullwidth fullwidth-box fusion-builder-row-2 fusion-flex-container has-pattern-background has-mask-background nonhundred-percent-fullwidth non-hundred-percent-height-scrolling\" style=\"--awb-border-radius-top-left:0px;--awb-border-radius-top-right:0px;--awb-border-radius-bottom-right:0px;--awb-border-radius-bottom-left:0px;--awb-padding-top:60px;--awb-padding-bottom:60px;--awb-flex-wrap:wrap;\" ><div class=\"fusion-builder-row fusion-row fusion-flex-align-items-flex-start fusion-flex-content-wrap\" style=\"max-width:1248px;margin-left: calc(-4% \/ 2 );margin-right: calc(-4% \/ 2 );\"><div class=\"fusion-layout-column fusion_builder_column fusion-builder-column-1 fusion_builder_column_1_2 1_2 fusion-flex-column\" style=\"--awb-bg-size:cover;--awb-width-large:50%;--awb-margin-top-large:0px;--awb-spacing-right-large:3.84%;--awb-margin-bottom-large:20px;--awb-spacing-left-large:3.84%;--awb-width-medium:50%;--awb-order-medium:0;--awb-spacing-right-medium:3.84%;--awb-spacing-left-medium:3.84%;--awb-width-small:100%;--awb-order-small:1;--awb-spacing-right-small:1.92%;--awb-spacing-left-small:1.92%;\"><div class=\"fusion-column-wrapper fusion-column-has-shadow fusion-flex-justify-content-flex-start fusion-content-layout-column\"><div class=\"fusion-image-element\" style=\"--awb-margin-top:20px;--awb-caption-title-font-family:var(--h2_typography-font-family);--awb-caption-title-font-weight:var(--h2_typography-font-weight);--awb-caption-title-font-style:var(--h2_typography-font-style);--awb-caption-title-size:var(--h2_typography-font-size);--awb-caption-title-transform:var(--h2_typography-text-transform);--awb-caption-title-line-height:var(--h2_typography-line-height);--awb-caption-title-letter-spacing:var(--h2_typography-letter-spacing);\"><span class=\"fusion-imageframe imageframe-none imageframe-1 hover-type-none\"><img decoding=\"async\" width=\"800\" height=\"560\" title=\"vmi01\" src=\"https:\/\/www.ailupack.com\/wp-content\/uploads\/2024\/03\/vmi01.jpg\" alt class=\"img-responsive wp-image-5447\" srcset=\"https:\/\/www.ailupack.com\/wp-content\/uploads\/2024\/03\/vmi01-200x140.jpg 200w, https:\/\/www.ailupack.com\/wp-content\/uploads\/2024\/03\/vmi01-400x280.jpg 400w, https:\/\/www.ailupack.com\/wp-content\/uploads\/2024\/03\/vmi01-600x420.jpg 600w, https:\/\/www.ailupack.com\/wp-content\/uploads\/2024\/03\/vmi01.jpg 800w\" sizes=\"(max-width: 640px) 100vw, 600px\" \/><\/span><\/div><\/div><\/div><div class=\"fusion-layout-column fusion_builder_column fusion-builder-column-2 fusion_builder_column_1_2 1_2 fusion-flex-column\" style=\"--awb-bg-size:cover;--awb-width-large:50%;--awb-margin-top-large:0px;--awb-spacing-right-large:3.84%;--awb-margin-bottom-large:20px;--awb-spacing-left-large:3.84%;--awb-width-medium:50%;--awb-order-medium:0;--awb-spacing-right-medium:3.84%;--awb-spacing-left-medium:3.84%;--awb-width-small:100%;--awb-order-small:0;--awb-spacing-right-small:1.92%;--awb-spacing-left-small:1.92%;\"><div class=\"fusion-column-wrapper fusion-column-has-shadow fusion-flex-justify-content-flex-start fusion-content-layout-column\"><div class=\"fusion-title title fusion-title-2 fusion-sep-none fusion-title-text fusion-title-size-two\" style=\"--awb-font-size:40px;\"><h2 class=\"fusion-title-heading title-heading-left\" style=\"margin:0;font-size:1em;\">Inventario gestionado por el proveedor<\/h2><\/div><div class=\"fusion-menu-anchor\" id=\"vmi\"><\/div><div class=\"fusion-text fusion-text-2\"><p>El VMI (inventario gestionado por el proveedor) permite responder con mayor rapidez a las demandas del mercado, reduce los riesgos de inventario y mejora la colaboraci\u00f3n en la cadena de suministro mediante el intercambio de informaci\u00f3n. Esta estrategia reduce los costes de inventario, mejora la rotaci\u00f3n y refuerza la eficacia general de la cadena de suministro.<\/p>\n<p><strong>Almac\u00e9n local<br \/><\/strong>AILU cuenta con plantas en pa\u00edses abiertos para prestar servicios de almacenamiento local. Se da prioridad a la entrega de los productos en el almac\u00e9n de tr\u00e1nsito del pa\u00eds del cliente.<\/p>\n<p><strong>Compartir informaci\u00f3n sobre el inventario<br \/><\/strong>Podemos proporcionar acceso en tiempo real al pa\u00eds abierto sobre el inventario en los almacenes locales, las cantidades en el env\u00edo mar\u00edtimo y los niveles de existencias en AILU tanto a trav\u00e9s del ordenador como de dispositivos m\u00f3viles. De este modo, el pa\u00eds abierto dispone de informaci\u00f3n actualizada sobre el inventario, lo que permite mejorar los ajustes de planificaci\u00f3n de materiales y producci\u00f3n.<\/p>\n<p><strong>Pedidos a la carta<br \/><\/strong>Nuestros productos acabados se enviar\u00e1n directamente a los almacenes locales, en funci\u00f3n de las previsiones de cada planta, para garantizar un servicio de suministro r\u00e1pido y seguro.<\/p>\n<p><strong>Aviso de inventario<br \/><\/strong>Las alertas de inventario multicondici\u00f3n configurables notificar\u00e1n a los usuarios por correo electr\u00f3nico en cuanto se active el umbral de alerta.<\/p>\n<\/div><\/div><\/div><\/div><\/div><div class=\"fusion-fullwidth fullwidth-box fusion-builder-row-3 fusion-flex-container has-pattern-background has-mask-background nonhundred-percent-fullwidth non-hundred-percent-height-scrolling\" style=\"--awb-border-radius-top-left:0px;--awb-border-radius-top-right:0px;--awb-border-radius-bottom-right:0px;--awb-border-radius-bottom-left:0px;--awb-padding-top:60px;--awb-padding-bottom:60px;--awb-background-color:var(--awb-custom_color_3);--awb-flex-wrap:wrap;\" ><div class=\"fusion-builder-row fusion-row fusion-flex-align-items-flex-start fusion-flex-content-wrap\" style=\"max-width:1248px;margin-left: calc(-4% \/ 2 );margin-right: calc(-4% \/ 2 );\"><div class=\"fusion-layout-column fusion_builder_column fusion-builder-column-3 fusion_builder_column_1_2 1_2 fusion-flex-column\" style=\"--awb-bg-size:cover;--awb-width-large:50%;--awb-margin-top-large:0px;--awb-spacing-right-large:3.84%;--awb-margin-bottom-large:20px;--awb-spacing-left-large:3.84%;--awb-width-medium:50%;--awb-order-medium:0;--awb-spacing-right-medium:3.84%;--awb-spacing-left-medium:3.84%;--awb-width-small:100%;--awb-order-small:0;--awb-spacing-right-small:1.92%;--awb-spacing-left-small:1.92%;\"><div class=\"fusion-column-wrapper fusion-column-has-shadow fusion-flex-justify-content-flex-start fusion-content-layout-column\"><div class=\"fusion-title title fusion-title-3 fusion-sep-none fusion-title-text fusion-title-size-two\" style=\"--awb-font-size:40px;\"><h2 class=\"fusion-title-heading title-heading-left\" style=\"margin:0;font-size:1em;\">C\u00f3digos QR Aplicaci\u00f3n<\/h2><\/div><div class=\"fusion-menu-anchor\" id=\"qrcode\"><\/div><div class=\"fusion-text fusion-text-3\"><p>Ailu Group proporciona servicios de valor a\u00f1adido de c\u00f3digos de barras, imprimiendo c\u00f3digos de barras en bolsas de embalaje para satisfacer las necesidades de los clientes en cuanto a consulta eficiente de informaci\u00f3n sobre productos, trazabilidad, marketing interactivo y otros aspectos.<\/p>\n<p><strong>Informaci\u00f3n sobre el producto<br \/><\/strong>Los usuarios pueden escanear el c\u00f3digo de barras para consultar detalles del producto, como fecha de producci\u00f3n, caducidad, materias primas e informaci\u00f3n nutricional.<\/p>\n<p><strong>Servicio de trazabilidad<\/strong><br \/>Si un producto tiene un problema, los usuarios pueden escanear el c\u00f3digo de barras para ver el proceso de producci\u00f3n del producto y la informaci\u00f3n de la cadena de suministro, lo que ayuda a empresas y consumidores a rastrear el origen del problema.<\/p>\n<p><strong>Marketing interactivo<\/strong><br \/>Las empresas pueden utilizar los c\u00f3digos de barras para el marketing interactivo, como ofrecer a los usuarios recompensas como puntos, cupones o participar en sorteos y programas de reembolso escaneando el c\u00f3digo de barras.<\/p>\n<\/div><\/div><\/div><div class=\"fusion-layout-column fusion_builder_column fusion-builder-column-4 fusion_builder_column_1_2 1_2 fusion-flex-column\" style=\"--awb-bg-size:cover;--awb-width-large:50%;--awb-margin-top-large:0px;--awb-spacing-right-large:3.84%;--awb-margin-bottom-large:20px;--awb-spacing-left-large:3.84%;--awb-width-medium:50%;--awb-order-medium:0;--awb-spacing-right-medium:3.84%;--awb-spacing-left-medium:3.84%;--awb-width-small:100%;--awb-order-small:0;--awb-spacing-right-small:1.92%;--awb-spacing-left-small:1.92%;\"><div class=\"fusion-column-wrapper fusion-column-has-shadow fusion-flex-justify-content-flex-start fusion-content-layout-column\"><div class=\"fusion-image-element\" style=\"--awb-margin-top:20px;--awb-caption-title-font-family:var(--h2_typography-font-family);--awb-caption-title-font-weight:var(--h2_typography-font-weight);--awb-caption-title-font-style:var(--h2_typography-font-style);--awb-caption-title-size:var(--h2_typography-font-size);--awb-caption-title-transform:var(--h2_typography-text-transform);--awb-caption-title-line-height:var(--h2_typography-line-height);--awb-caption-title-letter-spacing:var(--h2_typography-letter-spacing);\"><span class=\"fusion-imageframe imageframe-none imageframe-2 hover-type-none\"><img decoding=\"async\" width=\"800\" height=\"600\" title=\"qrcode\" src=\"https:\/\/www.ailupack.com\/wp-content\/uploads\/2024\/03\/qrcode.png\" alt class=\"img-responsive wp-image-5452\" srcset=\"https:\/\/www.ailupack.com\/wp-content\/uploads\/2024\/03\/qrcode-200x150.png 200w, https:\/\/www.ailupack.com\/wp-content\/uploads\/2024\/03\/qrcode-400x300.png 400w, https:\/\/www.ailupack.com\/wp-content\/uploads\/2024\/03\/qrcode-600x450.png 600w, https:\/\/www.ailupack.com\/wp-content\/uploads\/2024\/03\/qrcode.png 800w\" sizes=\"(max-width: 640px) 100vw, 600px\" \/><\/span><\/div><\/div><\/div><\/div><\/div><\/p>","protected":false},"excerpt":{"rendered":"","protected":false},"author":1,"featured_media":0,"parent":0,"menu_order":0,"comment_status":"closed","ping_status":"closed","template":"100-width.php","meta":{"footnotes":""},"class_list":["post-235","page","type-page","status-publish","hentry"],"yoast_head":"<!-- This site is optimized with the Yoast SEO plugin v25.5 - https:\/\/yoast.com\/wordpress\/plugins\/seo\/ -->\n<title>Value-Added Services - Ailu Group<\/title>\n<meta name=\"robots\" content=\"index, follow, max-snippet:-1, max-image-preview:large, max-video-preview:-1\" \/>\n<link rel=\"canonical\" href=\"https:\/\/www.ailupack.com\/es\/value_added_services\/\" \/>\n<meta property=\"og:locale\" content=\"es_ES\" \/>\n<meta property=\"og:type\" content=\"article\" \/>\n<meta property=\"og:title\" content=\"Value-Added Services - Ailu Group\" \/>\n<meta property=\"og:url\" content=\"https:\/\/www.ailupack.com\/es\/value_added_services\/\" \/>\n<meta property=\"og:site_name\" content=\"Ailu Group\" \/>\n<meta property=\"article:modified_time\" content=\"2024-03-30T06:41:11+00:00\" \/>\n<meta name=\"twitter:card\" content=\"summary_large_image\" \/>\n<script type=\"application\/ld+json\" class=\"yoast-schema-graph\">{\"@context\":\"https:\/\/schema.org\",\"@graph\":[{\"@type\":\"WebPage\",\"@id\":\"https:\/\/www.ailupack.com\/value_added_services\/\",\"url\":\"https:\/\/www.ailupack.com\/value_added_services\/\",\"name\":\"Value-Added Services - Ailu Group\",\"isPartOf\":{\"@id\":\"https:\/\/www.ailupack.com\/#website\"},\"datePublished\":\"2023-12-01T14:15:35+00:00\",\"dateModified\":\"2024-03-30T06:41:11+00:00\",\"breadcrumb\":{\"@id\":\"https:\/\/www.ailupack.com\/value_added_services\/#breadcrumb\"},\"inLanguage\":\"es\",\"potentialAction\":[{\"@type\":\"ReadAction\",\"target\":[\"https:\/\/www.ailupack.com\/value_added_services\/\"]}]},{\"@type\":\"BreadcrumbList\",\"@id\":\"https:\/\/www.ailupack.com\/value_added_services\/#breadcrumb\",\"itemListElement\":[{\"@type\":\"ListItem\",\"position\":1,\"name\":\"\u9996\u9875\",\"item\":\"https:\/\/www.ailupack.com\/\"},{\"@type\":\"ListItem\",\"position\":2,\"name\":\"Value-Added Services\"}]},{\"@type\":\"WebSite\",\"@id\":\"https:\/\/www.ailupack.com\/#website\",\"url\":\"https:\/\/www.ailupack.com\/\",\"name\":\"Leader in Packaging and Industry Bags\",\"description\":\"Industrial Multi-Wall Paper Pasted Valve Bags\",\"publisher\":{\"@id\":\"https:\/\/www.ailupack.com\/#organization\"},\"potentialAction\":[{\"@type\":\"SearchAction\",\"target\":{\"@type\":\"EntryPoint\",\"urlTemplate\":\"https:\/\/www.ailupack.com\/?s={search_term_string}\"},\"query-input\":{\"@type\":\"PropertyValueSpecification\",\"valueRequired\":true,\"valueName\":\"search_term_string\"}}],\"inLanguage\":\"es\"},{\"@type\":\"Organization\",\"@id\":\"https:\/\/www.ailupack.com\/#organization\",\"name\":\"Ailu Group\",\"url\":\"https:\/\/www.ailupack.com\/\",\"logo\":{\"@type\":\"ImageObject\",\"inLanguage\":\"es\",\"@id\":\"https:\/\/www.ailupack.com\/#\/schema\/logo\/image\/\",\"url\":\"https:\/\/www.ailupack.com\/wp-content\/uploads\/2024\/03\/grouplogo_500x500.png\",\"contentUrl\":\"https:\/\/www.ailupack.com\/wp-content\/uploads\/2024\/03\/grouplogo_500x500.png\",\"width\":500,\"height\":500,\"caption\":\"Ailu Group\"},\"image\":{\"@id\":\"https:\/\/www.ailupack.com\/#\/schema\/logo\/image\/\"}}]}<\/script>\n<!-- \/ Yoast SEO plugin. -->","yoast_head_json":{"title":"Value-Added Services - Ailu Group","robots":{"index":"index","follow":"follow","max-snippet":"max-snippet:-1","max-image-preview":"max-image-preview:large","max-video-preview":"max-video-preview:-1"},"canonical":"https:\/\/www.ailupack.com\/es\/value_added_services\/","og_locale":"es_ES","og_type":"article","og_title":"Value-Added Services - Ailu Group","og_url":"https:\/\/www.ailupack.com\/es\/value_added_services\/","og_site_name":"Ailu Group","article_modified_time":"2024-03-30T06:41:11+00:00","twitter_card":"summary_large_image","schema":{"@context":"https:\/\/schema.org","@graph":[{"@type":"WebPage","@id":"https:\/\/www.ailupack.com\/value_added_services\/","url":"https:\/\/www.ailupack.com\/value_added_services\/","name":"Value-Added Services - Ailu Group","isPartOf":{"@id":"https:\/\/www.ailupack.com\/#website"},"datePublished":"2023-12-01T14:15:35+00:00","dateModified":"2024-03-30T06:41:11+00:00","breadcrumb":{"@id":"https:\/\/www.ailupack.com\/value_added_services\/#breadcrumb"},"inLanguage":"es","potentialAction":[{"@type":"ReadAction","target":["https:\/\/www.ailupack.com\/value_added_services\/"]}]},{"@type":"BreadcrumbList","@id":"https:\/\/www.ailupack.com\/value_added_services\/#breadcrumb","itemListElement":[{"@type":"ListItem","position":1,"name":"\u9996\u9875","item":"https:\/\/www.ailupack.com\/"},{"@type":"ListItem","position":2,"name":"Value-Added Services"}]},{"@type":"WebSite","@id":"https:\/\/www.ailupack.com\/#website","url":"https:\/\/www.ailupack.com\/","name":"L\u00edder en envases y bolsas industriales","description":"Bolsas de v\u00e1lvula industriales de papel pegado de paredes m\u00faltiples","publisher":{"@id":"https:\/\/www.ailupack.com\/#organization"},"potentialAction":[{"@type":"SearchAction","target":{"@type":"EntryPoint","urlTemplate":"https:\/\/www.ailupack.com\/?s={search_term_string}"},"query-input":{"@type":"PropertyValueSpecification","valueRequired":true,"valueName":"search_term_string"}}],"inLanguage":"es"},{"@type":"Organization","@id":"https:\/\/www.ailupack.com\/#organization","name":"Grupo Ailu","url":"https:\/\/www.ailupack.com\/","logo":{"@type":"ImageObject","inLanguage":"es","@id":"https:\/\/www.ailupack.com\/#\/schema\/logo\/image\/","url":"https:\/\/www.ailupack.com\/wp-content\/uploads\/2024\/03\/grouplogo_500x500.png","contentUrl":"https:\/\/www.ailupack.com\/wp-content\/uploads\/2024\/03\/grouplogo_500x500.png","width":500,"height":500,"caption":"Ailu Group"},"image":{"@id":"https:\/\/www.ailupack.com\/#\/schema\/logo\/image\/"}}]}},"_links":{"self":[{"href":"https:\/\/www.ailupack.com\/es\/wp-json\/wp\/v2\/pages\/235","targetHints":{"allow":["GET"]}}],"collection":[{"href":"https:\/\/www.ailupack.com\/es\/wp-json\/wp\/v2\/pages"}],"about":[{"href":"https:\/\/www.ailupack.com\/es\/wp-json\/wp\/v2\/types\/page"}],"author":[{"embeddable":true,"href":"https:\/\/www.ailupack.com\/es\/wp-json\/wp\/v2\/users\/1"}],"replies":[{"embeddable":true,"href":"https:\/\/www.ailupack.com\/es\/wp-json\/wp\/v2\/comments?post=235"}],"version-history":[{"count":0,"href":"https:\/\/www.ailupack.com\/es\/wp-json\/wp\/v2\/pages\/235\/revisions"}],"wp:attachment":[{"href":"https:\/\/www.ailupack.com\/es\/wp-json\/wp\/v2\/media?parent=235"}],"curies":[{"name":"wp","href":"https:\/\/api.w.org\/{rel}","templated":true}]}}